{"id":2851,"date":"2024-11-27T12:08:46","date_gmt":"2024-11-27T12:08:46","guid":{"rendered":"https:\/\/demo.awaikenthemes.com\/hetch\/?page_id=2851"},"modified":"2026-04-15T15:04:22","modified_gmt":"2026-04-15T13:04:22","slug":"nas-tim","status":"publish","type":"page","link":"https:\/\/www.stecoline.com\/de\/nas-tim\/","title":{"rendered":"Unser Team"},"content":{"rendered":"<div data-elementor-type=\"wp-page\" data-elementor-id=\"2851\" class=\"elementor elementor-2851\" data-elementor-post-type=\"page\">\n\t\t\t\t<div data-ekitparallax=\"{&quot;ekit_section_parallax_bg&quot;:&quot;yes&quot;,&quot;ekit_section_parallax_bg_speed&quot;:0.5,&quot;elementor_lazy_load&quot;:&quot;1&quot;}\" class=\"elementor-element elementor-element-1d832b3 e-flex e-con-boxed e-con e-parent\" data-id=\"1d832b3\" data-element_type=\"container\" data-e-type=\"container\" data-settings=\"{&quot;background_background&quot;:&quot;classic&quot;}\">\n\t\t\t\t\t<div class=\"e-con-inner\">\n\t\t<div class=\"elementor-element elementor-element-2a4475f e-con-full e-flex e-con e-child\" data-id=\"2a4475f\" data-element_type=\"container\" data-e-type=\"container\">\n\t\t\t\t<div class=\"elementor-element elementor-element-91bb4f4 at-heading-animation at-animation-heading-style-3 elementor-widget elementor-widget-heading\" data-id=\"91bb4f4\" data-element_type=\"widget\" data-e-type=\"widget\" data-settings=\"{&quot;ekit_we_effect_on&quot;:&quot;none&quot;}\" data-widget_type=\"heading.default\">\n\t\t\t\t\t<h2 class=\"elementor-heading-title elementor-size-default\">Unser Team<\/h2>\t\t\t\t<\/div>\n\t\t\t\t<div class=\"elementor-element elementor-element-0e8ee76 elementor-invisible elementor-widget elementor-widget-elementskit-breadcrumb\" data-id=\"0e8ee76\" data-element_type=\"widget\" data-e-type=\"widget\" data-settings=\"{&quot;_animation&quot;:&quot;fadeInUp&quot;,&quot;ekit_we_effect_on&quot;:&quot;none&quot;}\" data-widget_type=\"elementskit-breadcrumb.default\">\n\t\t\t\t<div class=\"elementor-widget-container\">\n\t\t\t\t\t<div class=\"ekit-wid-con\" ><ol class=\"ekit-breadcrumb\"><li class=\"ekit_breadcrumbs_start\"><a href=\"https:\/\/www.stecoline.com\/de\">Home<\/a><\/li><\/ol><\/div>\t\t\t\t<\/div>\n\t\t\t\t<\/div>\n\t\t\t\t<\/div>\n\t\t\t\t\t<\/div>\n\t\t\t\t<\/div>\n\t\t<div class=\"elementor-element elementor-element-7e59c05 e-flex e-con-boxed e-con e-parent\" data-id=\"7e59c05\" data-element_type=\"container\" data-e-type=\"container\">\n\t\t\t\t\t<div class=\"e-con-inner\">\n\t\t<div class=\"elementor-element elementor-element-e40c005 e-con-full e-flex e-con e-child\" data-id=\"e40c005\" data-element_type=\"container\" data-e-type=\"container\">\n\t\t<div class=\"elementor-element elementor-element-2cfead5 e-con-full e-flex e-con e-child\" data-id=\"2cfead5\" data-element_type=\"container\" data-e-type=\"container\">\n\t\t<div class=\"elementor-element elementor-element-add252c e-con-full e-flex e-con e-child\" data-id=\"add252c\" data-element_type=\"container\" data-e-type=\"container\">\n\t\t\t\t<div class=\"elementor-element elementor-element-de5886b section-title at-heading-animation at-animation-heading-none elementor-invisible elementor-widget elementor-widget-heading\" data-id=\"de5886b\" data-element_type=\"widget\" data-e-type=\"widget\" data-settings=\"{&quot;_animation&quot;:&quot;fadeInUp&quot;,&quot;ekit_we_effect_on&quot;:&quot;none&quot;}\" data-widget_type=\"heading.default\">\n\t\t\t\t\t<h3 class=\"elementor-heading-title elementor-size-default\">UPOZNAJTE NA\u0160 STECO LINE TIM<\/h3>\t\t\t\t<\/div>\n\t\t\t\t<div class=\"elementor-element elementor-element-07b2fee at-heading-animation at-animation-heading-style-3 elementor-widget elementor-widget-heading\" data-id=\"07b2fee\" data-element_type=\"widget\" data-e-type=\"widget\" data-settings=\"{&quot;ekit_we_effect_on&quot;:&quot;none&quot;}\" data-widget_type=\"heading.default\">\n\t\t\t\t\t<h2 class=\"elementor-heading-title elementor-size-default\">STECO LINE \u2013 Lernen Sie die Menschen kennen, die hinter der Qualit\u00e4t unserer Tischlerei stehen!<\/h2>\t\t\t\t<\/div>\n\t\t\t\t<\/div>\n\t\t\t\t<\/div>\n\t\t<div class=\"elementor-element elementor-element-2ff9386 e-con-full e-flex e-con e-child\" data-id=\"2ff9386\" data-element_type=\"container\" data-e-type=\"container\">\n\t\t<div class=\"elementor-element elementor-element-d6198f6 e-con-full e-flex elementor-invisible e-con e-child\" data-id=\"d6198f6\" data-element_type=\"container\" data-e-type=\"container\" data-settings=\"{&quot;animation&quot;:&quot;fadeInUp&quot;}\">\n\t\t\t\t<div class=\"elementor-element elementor-element-1f4731c team-member-item elementor-position-top elementor-widget elementor-widget-image-box\" data-id=\"1f4731c\" data-element_type=\"widget\" data-e-type=\"widget\" data-settings=\"{&quot;ekit_we_effect_on&quot;:&quot;none&quot;}\" data-widget_type=\"image-box.default\">\n\t\t\t\t\t<div class=\"elementor-image-box-wrapper\"><figure class=\"elementor-image-box-img\"><img fetchpriority=\"high\" decoding=\"async\" width=\"413\" height=\"459\" src=\"https:\/\/www.stecoline.com\/wp-content\/uploads\/2025\/08\/Milenko-Stevanovic-osnivac-Steco-Line-1.webp\" class=\"attachment-full size-full wp-image-8447\" alt=\"Milenko Stevanovic osnivac Steco Line\" srcset=\"https:\/\/www.stecoline.com\/wp-content\/uploads\/2025\/08\/Milenko-Stevanovic-osnivac-Steco-Line-1.webp 413w, https:\/\/www.stecoline.com\/wp-content\/uploads\/2025\/08\/Milenko-Stevanovic-osnivac-Steco-Line-1-270x300.webp 270w, https:\/\/www.stecoline.com\/wp-content\/uploads\/2025\/08\/Milenko-Stevanovic-osnivac-Steco-Line-1-11x12.webp 11w\" sizes=\"(max-width: 413px) 100vw, 413px\" \/><\/figure><div class=\"elementor-image-box-content\"><h3 class=\"elementor-image-box-title\">Milenko Stevanovi\u0107<\/h3><p class=\"elementor-image-box-description\">CEO und Gr\u00fcnder<\/p><\/div><\/div>\t\t\t\t<\/div>\n\t\t\t\t<div class=\"elementor-element elementor-element-72bfb37 elementor-widget elementor-widget-elementskit-social-media\" data-id=\"72bfb37\" data-element_type=\"widget\" data-e-type=\"widget\" data-settings=\"{&quot;ekit_we_effect_on&quot;:&quot;none&quot;}\" data-widget_type=\"elementskit-social-media.default\">\n\t\t\t\t<div class=\"elementor-widget-container\">\n\t\t\t\t\t<div class=\"ekit-wid-con\" >\t\t\t <ul class=\"ekit_social_media\">\n\t\t\t\t\t\t\t\t\t\t\t\t\t\t<li class=\"elementor-repeater-item-6175bb6\">\n\t\t\t\t\t    <a\n\t\t\t\t\t\thref=\"mailto:milenko@stecocentar.com\" aria-label=\"Email\" class=\"email1\" >\n\t\t\t\t\t\t\t\n\t\t\t\t\t\t\t<i aria-hidden=\"true\" class=\"icon icon-email1\"><\/i>\n                                                                                                            <\/a>\n                    <\/li>\n                    \t\t\t\t\t\t\t<\/ul>\n\t\t<\/div>\t\t\t\t<\/div>\n\t\t\t\t<\/div>\n\t\t\t\t<\/div>\n\t\t<div class=\"elementor-element elementor-element-84fbc7d e-con-full e-flex elementor-invisible e-con e-child\" data-id=\"84fbc7d\" data-element_type=\"container\" data-e-type=\"container\" data-settings=\"{&quot;animation&quot;:&quot;fadeInUp&quot;,&quot;animation_delay&quot;:100}\">\n\t\t\t\t<div class=\"elementor-element elementor-element-ffa4041 team-member-item elementor-position-top elementor-widget elementor-widget-image-box\" data-id=\"ffa4041\" data-element_type=\"widget\" data-e-type=\"widget\" data-settings=\"{&quot;ekit_we_effect_on&quot;:&quot;none&quot;}\" data-widget_type=\"image-box.default\">\n\t\t\t\t\t<div class=\"elementor-image-box-wrapper\"><figure class=\"elementor-image-box-img\"><img decoding=\"async\" width=\"413\" height=\"459\" src=\"https:\/\/www.stecoline.com\/wp-content\/uploads\/2025\/08\/Sinisa-Stevanovic-Steco-Line-direktor.webp\" class=\"attachment-full size-full wp-image-8446\" alt=\"\" srcset=\"https:\/\/www.stecoline.com\/wp-content\/uploads\/2025\/08\/Sinisa-Stevanovic-Steco-Line-direktor.webp 413w, https:\/\/www.stecoline.com\/wp-content\/uploads\/2025\/08\/Sinisa-Stevanovic-Steco-Line-direktor-270x300.webp 270w, https:\/\/www.stecoline.com\/wp-content\/uploads\/2025\/08\/Sinisa-Stevanovic-Steco-Line-direktor-11x12.webp 11w\" sizes=\"(max-width: 413px) 100vw, 413px\" \/><\/figure><div class=\"elementor-image-box-content\"><h3 class=\"elementor-image-box-title\">Sini\u0161a Stevanovi\u0107<\/h3><p class=\"elementor-image-box-description\">Direktor<\/p><\/div><\/div>\t\t\t\t<\/div>\n\t\t\t\t<div class=\"elementor-element elementor-element-9a6a39c elementor-widget elementor-widget-elementskit-social-media\" data-id=\"9a6a39c\" data-element_type=\"widget\" data-e-type=\"widget\" data-settings=\"{&quot;ekit_we_effect_on&quot;:&quot;none&quot;}\" data-widget_type=\"elementskit-social-media.default\">\n\t\t\t\t<div class=\"elementor-widget-container\">\n\t\t\t\t\t<div class=\"ekit-wid-con\" >\t\t\t <ul class=\"ekit_social_media\">\n\t\t\t\t\t\t\t\t\t\t\t\t\t\t<li class=\"elementor-repeater-item-6175bb6\">\n\t\t\t\t\t    <a\n\t\t\t\t\t\thref=\"mailto:sinisa@stecocentar.com\" aria-label=\"Email\" class=\"email1\" >\n\t\t\t\t\t\t\t\n\t\t\t\t\t\t\t<i aria-hidden=\"true\" class=\"icon icon-email1\"><\/i>\n                                                                                                            <\/a>\n                    <\/li>\n                    \t\t\t\t\t\t\t<\/ul>\n\t\t<\/div>\t\t\t\t<\/div>\n\t\t\t\t<\/div>\n\t\t\t\t<\/div>\n\t\t<div class=\"elementor-element elementor-element-bd2164e e-con-full e-flex elementor-invisible e-con e-child\" data-id=\"bd2164e\" data-element_type=\"container\" data-e-type=\"container\" data-settings=\"{&quot;animation&quot;:&quot;fadeInUp&quot;,&quot;animation_delay&quot;:200}\">\n\t\t\t\t<div class=\"elementor-element elementor-element-855a901 team-member-item elementor-position-top elementor-widget elementor-widget-image-box\" data-id=\"855a901\" data-element_type=\"widget\" data-e-type=\"widget\" data-settings=\"{&quot;ekit_we_effect_on&quot;:&quot;none&quot;}\" data-widget_type=\"image-box.default\">\n\t\t\t\t\t<div class=\"elementor-image-box-wrapper\"><figure class=\"elementor-image-box-img\"><img decoding=\"async\" width=\"413\" height=\"459\" src=\"https:\/\/www.stecoline.com\/wp-content\/uploads\/2025\/08\/Mihailo-Stevanovic.webp\" class=\"attachment-full size-full wp-image-8437\" alt=\"\" srcset=\"https:\/\/www.stecoline.com\/wp-content\/uploads\/2025\/08\/Mihailo-Stevanovic.webp 413w, https:\/\/www.stecoline.com\/wp-content\/uploads\/2025\/08\/Mihailo-Stevanovic-270x300.webp 270w, https:\/\/www.stecoline.com\/wp-content\/uploads\/2025\/08\/Mihailo-Stevanovic-11x12.webp 11w\" sizes=\"(max-width: 413px) 100vw, 413px\" \/><\/figure><div class=\"elementor-image-box-content\"><h3 class=\"elementor-image-box-title\">Mihailo Stevanovi\u0107<\/h3><p class=\"elementor-image-box-description\">Hauptgesch\u00e4ftsf\u00fchrer<\/p><\/div><\/div>\t\t\t\t<\/div>\n\t\t\t\t<div class=\"elementor-element elementor-element-bacd2a1 elementor-widget elementor-widget-elementskit-social-media\" data-id=\"bacd2a1\" data-element_type=\"widget\" data-e-type=\"widget\" data-settings=\"{&quot;ekit_we_effect_on&quot;:&quot;none&quot;}\" data-widget_type=\"elementskit-social-media.default\">\n\t\t\t\t<div class=\"elementor-widget-container\">\n\t\t\t\t\t<div class=\"ekit-wid-con\" >\t\t\t <ul class=\"ekit_social_media\">\n\t\t\t\t\t\t\t\t\t\t\t\t\t\t<li class=\"elementor-repeater-item-6175bb6\">\n\t\t\t\t\t    <a\n\t\t\t\t\t\thref=\"mailto:mihailo@stecocentar.com\" aria-label=\"Email\" class=\"email1\" >\n\t\t\t\t\t\t\t\n\t\t\t\t\t\t\t<i aria-hidden=\"true\" class=\"icon icon-email1\"><\/i>\n                                                                                                            <\/a>\n                    <\/li>\n                    \t\t\t\t\t\t\t<\/ul>\n\t\t<\/div>\t\t\t\t<\/div>\n\t\t\t\t<\/div>\n\t\t\t\t<\/div>\n\t\t<div class=\"elementor-element elementor-element-586fd41 e-con-full e-flex elementor-invisible e-con e-child\" data-id=\"586fd41\" data-element_type=\"container\" data-e-type=\"container\" data-settings=\"{&quot;animation&quot;:&quot;fadeInUp&quot;,&quot;animation_delay&quot;:200}\">\n\t\t\t\t<div class=\"elementor-element elementor-element-419acd9 team-member-item elementor-position-top elementor-widget elementor-widget-image-box\" data-id=\"419acd9\" data-element_type=\"widget\" data-e-type=\"widget\" data-settings=\"{&quot;ekit_we_effect_on&quot;:&quot;none&quot;}\" data-widget_type=\"image-box.default\">\n\t\t\t\t\t<div class=\"elementor-image-box-wrapper\"><figure class=\"elementor-image-box-img\"><img loading=\"lazy\" decoding=\"async\" width=\"413\" height=\"459\" src=\"https:\/\/www.stecoline.com\/wp-content\/uploads\/2025\/08\/Darko-Jovicic-Steco-Line.webp\" class=\"attachment-full size-full wp-image-8451\" alt=\"\" srcset=\"https:\/\/www.stecoline.com\/wp-content\/uploads\/2025\/08\/Darko-Jovicic-Steco-Line.webp 413w, https:\/\/www.stecoline.com\/wp-content\/uploads\/2025\/08\/Darko-Jovicic-Steco-Line-270x300.webp 270w, https:\/\/www.stecoline.com\/wp-content\/uploads\/2025\/08\/Darko-Jovicic-Steco-Line-11x12.webp 11w\" sizes=\"(max-width: 413px) 100vw, 413px\" \/><\/figure><div class=\"elementor-image-box-content\"><h3 class=\"elementor-image-box-title\">Darko Jovi\u010di\u0107<\/h3><p class=\"elementor-image-box-description\">B.Sc. Eng. Maschinenbau - Produktionsleitung<\/p><\/div><\/div>\t\t\t\t<\/div>\n\t\t\t\t<div class=\"elementor-element elementor-element-63bef48 elementor-widget elementor-widget-elementskit-social-media\" data-id=\"63bef48\" data-element_type=\"widget\" data-e-type=\"widget\" data-settings=\"{&quot;ekit_we_effect_on&quot;:&quot;none&quot;}\" data-widget_type=\"elementskit-social-media.default\">\n\t\t\t\t<div class=\"elementor-widget-container\">\n\t\t\t\t\t<div class=\"ekit-wid-con\" >\t\t\t <ul class=\"ekit_social_media\">\n\t\t\t\t\t\t\t\t\t\t\t\t\t\t<li class=\"elementor-repeater-item-6175bb6\">\n\t\t\t\t\t    <a\n\t\t\t\t\t\thref=\"mailto:darko@stecoline.com\" aria-label=\"Email\" class=\"email1\" >\n\t\t\t\t\t\t\t\n\t\t\t\t\t\t\t<i aria-hidden=\"true\" class=\"icon icon-email1\"><\/i>\n                                                                                                            <\/a>\n                    <\/li>\n                    \t\t\t\t\t\t\t<\/ul>\n\t\t<\/div>\t\t\t\t<\/div>\n\t\t\t\t<\/div>\n\t\t\t\t<\/div>\n\t\t<div class=\"elementor-element elementor-element-a93b60d e-con-full e-flex elementor-invisible e-con e-child\" data-id=\"a93b60d\" data-element_type=\"container\" data-e-type=\"container\" data-settings=\"{&quot;animation&quot;:&quot;fadeInUp&quot;,&quot;animation_delay&quot;:200}\">\n\t\t\t\t<div class=\"elementor-element elementor-element-f451bdb team-member-item elementor-position-top elementor-widget elementor-widget-image-box\" data-id=\"f451bdb\" data-element_type=\"widget\" data-e-type=\"widget\" data-settings=\"{&quot;ekit_we_effect_on&quot;:&quot;none&quot;}\" data-widget_type=\"image-box.default\">\n\t\t\t\t\t<div class=\"elementor-image-box-wrapper\"><figure class=\"elementor-image-box-img\"><img loading=\"lazy\" decoding=\"async\" width=\"413\" height=\"459\" src=\"https:\/\/www.stecoline.com\/wp-content\/uploads\/2025\/08\/Gorica-Jovicic-Steco-Line.webp\" class=\"attachment-full size-full wp-image-8453\" alt=\"\" srcset=\"https:\/\/www.stecoline.com\/wp-content\/uploads\/2025\/08\/Gorica-Jovicic-Steco-Line.webp 413w, https:\/\/www.stecoline.com\/wp-content\/uploads\/2025\/08\/Gorica-Jovicic-Steco-Line-270x300.webp 270w, https:\/\/www.stecoline.com\/wp-content\/uploads\/2025\/08\/Gorica-Jovicic-Steco-Line-11x12.webp 11w\" sizes=\"(max-width: 413px) 100vw, 413px\" \/><\/figure><div class=\"elementor-image-box-content\"><h3 class=\"elementor-image-box-title\">Gorica Jovi\u010di\u0107<\/h3><p class=\"elementor-image-box-description\">B.Sc. Eng. Maschinenbau - Vertriebs- und Einkaufskaufmann<\/p><\/div><\/div>\t\t\t\t<\/div>\n\t\t\t\t<div class=\"elementor-element elementor-element-632211e elementor-widget elementor-widget-elementskit-social-media\" data-id=\"632211e\" data-element_type=\"widget\" data-e-type=\"widget\" data-settings=\"{&quot;ekit_we_effect_on&quot;:&quot;none&quot;}\" data-widget_type=\"elementskit-social-media.default\">\n\t\t\t\t<div class=\"elementor-widget-container\">\n\t\t\t\t\t<div class=\"ekit-wid-con\" >\t\t\t <ul class=\"ekit_social_media\">\n\t\t\t\t\t\t\t\t\t\t\t\t\t\t<li class=\"elementor-repeater-item-6175bb6\">\n\t\t\t\t\t    <a\n\t\t\t\t\t\thref=\"mailto:gorica@stecoline.com\" aria-label=\"Email\" class=\"email1\" >\n\t\t\t\t\t\t\t\n\t\t\t\t\t\t\t<i aria-hidden=\"true\" class=\"icon icon-email1\"><\/i>\n                                                                                                            <\/a>\n                    <\/li>\n                    \t\t\t\t\t\t\t<\/ul>\n\t\t<\/div>\t\t\t\t<\/div>\n\t\t\t\t<\/div>\n\t\t\t\t<\/div>\n\t\t<div class=\"elementor-element elementor-element-5464352 e-con-full e-flex elementor-invisible e-con e-child\" data-id=\"5464352\" data-element_type=\"container\" data-e-type=\"container\" data-settings=\"{&quot;animation&quot;:&quot;fadeInUp&quot;,&quot;animation_delay&quot;:200}\">\n\t\t\t\t<div class=\"elementor-element elementor-element-3f3006b team-member-item elementor-position-top elementor-widget elementor-widget-image-box\" data-id=\"3f3006b\" data-element_type=\"widget\" data-e-type=\"widget\" data-settings=\"{&quot;ekit_we_effect_on&quot;:&quot;none&quot;}\" data-widget_type=\"image-box.default\">\n\t\t\t\t\t<div class=\"elementor-image-box-wrapper\"><figure class=\"elementor-image-box-img\"><img loading=\"lazy\" decoding=\"async\" width=\"413\" height=\"459\" src=\"https:\/\/www.stecoline.com\/wp-content\/uploads\/2025\/08\/Stefan-Despotovic-Steco-Line.webp\" class=\"attachment-full size-full wp-image-8458\" alt=\"\" srcset=\"https:\/\/www.stecoline.com\/wp-content\/uploads\/2025\/08\/Stefan-Despotovic-Steco-Line.webp 413w, https:\/\/www.stecoline.com\/wp-content\/uploads\/2025\/08\/Stefan-Despotovic-Steco-Line-270x300.webp 270w, https:\/\/www.stecoline.com\/wp-content\/uploads\/2025\/08\/Stefan-Despotovic-Steco-Line-11x12.webp 11w\" sizes=\"(max-width: 413px) 100vw, 413px\" \/><\/figure><div class=\"elementor-image-box-content\"><h3 class=\"elementor-image-box-title\">Stefan Despotovi\u0107<\/h3><p class=\"elementor-image-box-description\">Eng. Ind. Engineering - Vertriebs- und Beschaffungsbeauftragter<\/p><\/div><\/div>\t\t\t\t<\/div>\n\t\t\t\t<div class=\"elementor-element elementor-element-83588ba elementor-widget elementor-widget-elementskit-social-media\" data-id=\"83588ba\" data-element_type=\"widget\" data-e-type=\"widget\" data-settings=\"{&quot;ekit_we_effect_on&quot;:&quot;none&quot;}\" data-widget_type=\"elementskit-social-media.default\">\n\t\t\t\t<div class=\"elementor-widget-container\">\n\t\t\t\t\t<div class=\"ekit-wid-con\" >\t\t\t <ul class=\"ekit_social_media\">\n\t\t\t\t\t\t\t\t\t\t\t\t\t\t<li class=\"elementor-repeater-item-6175bb6\">\n\t\t\t\t\t    <a\n\t\t\t\t\t\thref=\"mailto:stefan@stecoline.com\" aria-label=\"Email\" class=\"email1\" >\n\t\t\t\t\t\t\t\n\t\t\t\t\t\t\t<i aria-hidden=\"true\" class=\"icon icon-email1\"><\/i>\n                                                                                                            <\/a>\n                    <\/li>\n                    \t\t\t\t\t\t\t<\/ul>\n\t\t<\/div>\t\t\t\t<\/div>\n\t\t\t\t<\/div>\n\t\t\t\t<\/div>\n\t\t<div class=\"elementor-element elementor-element-bb3f949 e-con-full e-flex elementor-invisible e-con e-child\" data-id=\"bb3f949\" data-element_type=\"container\" data-e-type=\"container\" data-settings=\"{&quot;animation&quot;:&quot;fadeInUp&quot;,&quot;animation_delay&quot;:200}\">\n\t\t\t\t<div class=\"elementor-element elementor-element-5a49e4d team-member-item elementor-position-top elementor-widget elementor-widget-image-box\" data-id=\"5a49e4d\" data-element_type=\"widget\" data-e-type=\"widget\" data-settings=\"{&quot;ekit_we_effect_on&quot;:&quot;none&quot;}\" data-widget_type=\"image-box.default\">\n\t\t\t\t\t<div class=\"elementor-image-box-wrapper\"><figure class=\"elementor-image-box-img\"><img loading=\"lazy\" decoding=\"async\" width=\"413\" height=\"459\" src=\"https:\/\/www.stecoline.com\/wp-content\/uploads\/2025\/08\/Bojan-Lukic-Steco-Line.webp\" class=\"attachment-full size-full wp-image-8484\" alt=\"\" srcset=\"https:\/\/www.stecoline.com\/wp-content\/uploads\/2025\/08\/Bojan-Lukic-Steco-Line.webp 413w, https:\/\/www.stecoline.com\/wp-content\/uploads\/2025\/08\/Bojan-Lukic-Steco-Line-270x300.webp 270w, https:\/\/www.stecoline.com\/wp-content\/uploads\/2025\/08\/Bojan-Lukic-Steco-Line-11x12.webp 11w\" sizes=\"(max-width: 413px) 100vw, 413px\" \/><\/figure><div class=\"elementor-image-box-content\"><h3 class=\"elementor-image-box-title\">Bojan Luki\u0107<\/h3><p class=\"elementor-image-box-description\">B.Sc. in Informatik und Informatik \u2013 Technischer Support <\/p><\/div><\/div>\t\t\t\t<\/div>\n\t\t\t\t<div class=\"elementor-element elementor-element-e44495f elementor-widget elementor-widget-elementskit-social-media\" data-id=\"e44495f\" data-element_type=\"widget\" data-e-type=\"widget\" data-settings=\"{&quot;ekit_we_effect_on&quot;:&quot;none&quot;}\" data-widget_type=\"elementskit-social-media.default\">\n\t\t\t\t<div class=\"elementor-widget-container\">\n\t\t\t\t\t<div class=\"ekit-wid-con\" >\t\t\t <ul class=\"ekit_social_media\">\n\t\t\t\t\t\t\t\t\t\t\t\t\t\t<li class=\"elementor-repeater-item-6175bb6\">\n\t\t\t\t\t    <a\n\t\t\t\t\t\thref=\"mailto:bojan@stecoline.com\" aria-label=\"Email\" class=\"email1\" >\n\t\t\t\t\t\t\t\n\t\t\t\t\t\t\t<i aria-hidden=\"true\" class=\"icon icon-email1\"><\/i>\n                                                                                                            <\/a>\n                    <\/li>\n                    \t\t\t\t\t\t\t<\/ul>\n\t\t<\/div>\t\t\t\t<\/div>\n\t\t\t\t<\/div>\n\t\t\t\t<\/div>\n\t\t\t\t<\/div>\n\t\t\t\t<\/div>\n\t\t\t\t<div class=\"elementor-element elementor-element-90e220f elementor-widget elementor-widget-text-editor\" data-id=\"90e220f\" data-element_type=\"widget\" data-e-type=\"widget\" data-settings=\"{&quot;ekit_we_effect_on&quot;:&quot;none&quot;}\" data-widget_type=\"text-editor.default\">\n\t\t\t\t\t\t\t\t\t<p>Wir bei Steco Line sind \u00fcberzeugt, dass echte Qualit\u00e4t und innovative Fenster und T\u00fcren das Ergebnis engagierter Arbeit und Expertise unseres Teams sind. Unser Team besteht aus hochqualifizierten Fachleuten \u2013 von den Gr\u00fcndern und der Gesch\u00e4ftsf\u00fchrung bis hin zu Produktionsingenieuren, Designern, Technikern und der Verwaltung. Jedes Mitglied tr\u00e4gt dazu bei, dass unsere ALU und Kunststofffenster und -T\u00fcren elegante, sichere und energieeffiziente L\u00f6sungen f\u00fcr Ihr Zuhause oder Ihre Gesch\u00e4ftsr\u00e4ume bieten.<\/p>\t\t\t\t\t\t\t\t<\/div>\n\t\t\t\t\t<\/div>\n\t\t\t\t<\/div>\n\t\t\t\t<\/div>","protected":false},"excerpt":{"rendered":"<p>Na\u0161 tim Home UPOZNAJTE NA\u0160 STECO LINE TIM STECO LINE \u2013 Upoznajte [&hellip;]<\/p>\n","protected":false},"author":1,"featured_media":0,"parent":0,"menu_order":0,"comment_status":"closed","ping_status":"closed","template":"elementor_header_footer","meta":{"footnotes":""},"class_list":["post-2851","page","type-page","status-publish","hentry"],"_links":{"self":[{"href":"https:\/\/www.stecoline.com\/de\/wp-json\/wp\/v2\/pages\/2851","targetHints":{"allow":["GET"]}}],"collection":[{"href":"https:\/\/www.stecoline.com\/de\/wp-json\/wp\/v2\/pages"}],"about":[{"href":"https:\/\/www.stecoline.com\/de\/wp-json\/wp\/v2\/types\/page"}],"author":[{"embeddable":true,"href":"https:\/\/www.stecoline.com\/de\/wp-json\/wp\/v2\/users\/1"}],"replies":[{"embeddable":true,"href":"https:\/\/www.stecoline.com\/de\/wp-json\/wp\/v2\/comments?post=2851"}],"version-history":[{"count":45,"href":"https:\/\/www.stecoline.com\/de\/wp-json\/wp\/v2\/pages\/2851\/revisions"}],"predecessor-version":[{"id":16935,"href":"https:\/\/www.stecoline.com\/de\/wp-json\/wp\/v2\/pages\/2851\/revisions\/16935"}],"wp:attachment":[{"href":"https:\/\/www.stecoline.com\/de\/wp-json\/wp\/v2\/media?parent=2851"}],"curies":[{"name":"wp","href":"https:\/\/api.w.org\/{rel}","templated":true}]}}