{"id":11843,"date":"2025-10-24T08:40:37","date_gmt":"2025-10-24T06:40:37","guid":{"rendered":"https:\/\/www.stecoline.com\/?page_id=11843"},"modified":"2025-12-25T09:45:24","modified_gmt":"2025-12-25T08:45:24","slug":"proizvodi-steco-line","status":"publish","type":"page","link":"https:\/\/www.stecoline.com\/de\/proizvodi-steco-line\/","title":{"rendered":"Proizvodi Steco Line"},"content":{"rendered":"<div data-elementor-type=\"wp-page\" data-elementor-id=\"11843\" class=\"elementor elementor-11843\" data-elementor-post-type=\"page\">\n\t\t\t\t<div data-ekitparallax=\"{&quot;ekit_section_parallax_bg&quot;:&quot;yes&quot;,&quot;ekit_section_parallax_bg_speed&quot;:0.5,&quot;elementor_lazy_load&quot;:&quot;1&quot;}\" class=\"elementor-element elementor-element-11136de e-flex e-con-boxed e-con e-parent\" data-id=\"11136de\" data-element_type=\"container\" data-e-type=\"container\" data-settings=\"{&quot;background_background&quot;:&quot;classic&quot;}\">\n\t\t\t\t\t<div class=\"e-con-inner\">\n\t\t<div class=\"elementor-element elementor-element-5178a98 e-con-full e-flex e-con e-child\" data-id=\"5178a98\" data-element_type=\"container\" data-e-type=\"container\">\n\t\t\t\t<div class=\"elementor-element elementor-element-74e1146 at-heading-animation at-animation-heading-style-3 elementor-widget elementor-widget-heading\" data-id=\"74e1146\" data-element_type=\"widget\" data-e-type=\"widget\" data-settings=\"{&quot;ekit_we_effect_on&quot;:&quot;none&quot;}\" data-widget_type=\"heading.default\">\n\t\t\t\t\t<h1 class=\"elementor-heading-title elementor-size-default\">STECO LINE ASORTIMENT<\/h1>\t\t\t\t<\/div>\n\t\t\t\t<\/div>\n\t\t\t\t\t<\/div>\n\t\t\t\t<\/div>\n\t\t<div class=\"elementor-element elementor-element-c6d4b92 e-flex e-con-boxed e-con e-parent\" data-id=\"c6d4b92\" data-element_type=\"container\" data-e-type=\"container\">\n\t\t\t\t\t<div class=\"e-con-inner\">\n\t\t\t\t<div class=\"elementor-element elementor-element-4c013b0 elementor-widget elementor-widget-spacer\" data-id=\"4c013b0\" data-element_type=\"widget\" data-e-type=\"widget\" data-settings=\"{&quot;ekit_we_effect_on&quot;:&quot;none&quot;}\" data-widget_type=\"spacer.default\">\n\t\t\t\t\t\t\t<div class=\"elementor-spacer\">\n\t\t\t<div class=\"elementor-spacer-inner\"><\/div>\n\t\t<\/div>\n\t\t\t\t\t\t<\/div>\n\t\t\t\t<div class=\"elementor-element elementor-element-25a01b0 elementor-invisible elementor-widget elementor-widget-text-editor\" data-id=\"25a01b0\" data-element_type=\"widget\" data-e-type=\"widget\" data-settings=\"{&quot;_animation&quot;:&quot;fadeIn&quot;,&quot;ekit_we_effect_on&quot;:&quot;none&quot;}\" data-widget_type=\"text-editor.default\">\n\t\t\t\t\t\t\t\t\t<h2 data-start=\"259\" data-end=\"330\">Steco Line bietet ein breites Sortiment an Produkten im Bereich Aluminium- und Kunststofffenster und t\u00fcren, die darauf ausgelegt sind, die h\u00f6chsten Standards in Qualit\u00e4t, Energieeffizienz und modernem Design zu erf\u00fcllen. Unsere L\u00f6sungen stellen die perfekte Verbindung von Funktionalit\u00e4t und \u00c4sthetik dar und sind an die Bed\u00fcrfnisse moderner Wohn- und Gesch\u00e4ftsr\u00e4ume angepasst.<\/h2><p data-start=\"332\" data-end=\"650\"><a href=\"https:\/\/www.stecoline.com\/de\/\">Steco Line<\/a> bietet eine breite Produktpalette im Bereich <strong data-start=\"385\" data-end=\"418\">Aluminium- und PVC-Tischlerei<\/strong>, entwickelt, um h\u00f6chste Anspr\u00fcche an Qualit\u00e4t, Energieeffizienz und modernes Design zu erf\u00fcllen. Unsere L\u00f6sungen stellen die perfekte Mischung aus Funktionalit\u00e4t und \u00c4sthetik dar, zugeschnitten auf die Bed\u00fcrfnisse moderner Wohn- und Gesch\u00e4ftsr\u00e4ume.<\/p>\t\t\t\t\t\t\t\t<\/div>\n\t\t\t\t<div class=\"elementor-element elementor-element-82c3ffa elementor-widget elementor-widget-spacer\" data-id=\"82c3ffa\" data-element_type=\"widget\" data-e-type=\"widget\" data-settings=\"{&quot;ekit_we_effect_on&quot;:&quot;none&quot;}\" data-widget_type=\"spacer.default\">\n\t\t\t\t\t\t\t<div class=\"elementor-spacer\">\n\t\t\t<div class=\"elementor-spacer-inner\"><\/div>\n\t\t<\/div>\n\t\t\t\t\t\t<\/div>\n\t\t<div class=\"elementor-element elementor-element-38b2acc e-con-full e-grid elementor-invisible e-con e-child\" data-id=\"38b2acc\" data-element_type=\"container\" data-e-type=\"container\" data-settings=\"{&quot;animation&quot;:&quot;slideInUp&quot;}\">\n\t\t\t\t<div class=\"elementor-element elementor-element-d931db6 elementor-invisible elementor-widget elementor-widget-image\" data-id=\"d931db6\" data-element_type=\"widget\" data-e-type=\"widget\" data-settings=\"{&quot;_animation&quot;:&quot;fadeInRight&quot;,&quot;ekit_we_effect_on&quot;:&quot;none&quot;}\" data-widget_type=\"image.default\">\n\t\t\t\t\t\t\t\t\t\t\t\t<figure class=\"wp-caption\">\n\t\t\t\t\t\t\t\t\t\t\t<a href=\"https:\/\/www.stecoline.com\/de\/alu-prozori-2\/\">\n\t\t\t\t\t\t\t<img fetchpriority=\"high\" decoding=\"async\" width=\"800\" height=\"450\" src=\"https:\/\/www.stecoline.com\/wp-content\/uploads\/2025\/10\/ALU-PROZORI-STECO-LINE-1024x576.jpg\" class=\"attachment-large size-large wp-image-11870\" alt=\"\" srcset=\"https:\/\/www.stecoline.com\/wp-content\/uploads\/2025\/10\/ALU-PROZORI-STECO-LINE-1024x576.jpg 1024w, https:\/\/www.stecoline.com\/wp-content\/uploads\/2025\/10\/ALU-PROZORI-STECO-LINE-300x169.jpg 300w, https:\/\/www.stecoline.com\/wp-content\/uploads\/2025\/10\/ALU-PROZORI-STECO-LINE-150x84.jpg 150w, https:\/\/www.stecoline.com\/wp-content\/uploads\/2025\/10\/ALU-PROZORI-STECO-LINE-768x432.jpg 768w, https:\/\/www.stecoline.com\/wp-content\/uploads\/2025\/10\/ALU-PROZORI-STECO-LINE-18x10.jpg 18w, https:\/\/www.stecoline.com\/wp-content\/uploads\/2025\/10\/ALU-PROZORI-STECO-LINE.jpg 1280w\" sizes=\"(max-width: 800px) 100vw, 800px\" \/>\t\t\t\t\t\t\t\t<\/a>\n\t\t\t\t\t\t\t\t\t\t\t<figcaption class=\"widget-image-caption wp-caption-text\"><h5>ALU-FENSTER UND SCHIEBESYSTEME<\/h5><\/figcaption>\n\t\t\t\t\t\t\t\t\t\t<\/figure>\n\t\t\t\t\t\t\t\t\t<\/div>\n\t\t\t\t<div class=\"elementor-element elementor-element-54bf7cc animated-slow elementor-invisible elementor-widget elementor-widget-image\" data-id=\"54bf7cc\" data-element_type=\"widget\" data-e-type=\"widget\" data-settings=\"{&quot;_animation&quot;:&quot;fadeInLeft&quot;,&quot;ekit_we_effect_on&quot;:&quot;css&quot;,&quot;_animation_delay&quot;:100}\" data-widget_type=\"image.default\">\n\t\t\t\t\t\t\t\t\t\t\t\t<figure class=\"wp-caption\">\n\t\t\t\t\t\t\t\t\t\t\t<a href=\"https:\/\/www.stecoline.com\/de\/pvc-prozori\/\">\n\t\t\t\t\t\t\t<img decoding=\"async\" width=\"800\" height=\"450\" src=\"https:\/\/www.stecoline.com\/wp-content\/uploads\/2025\/10\/PVC-PROZORI-STECO-LINE-1024x576.jpg\" class=\"attachment-large size-large wp-image-11874\" alt=\"\" srcset=\"https:\/\/www.stecoline.com\/wp-content\/uploads\/2025\/10\/PVC-PROZORI-STECO-LINE-1024x576.jpg 1024w, https:\/\/www.stecoline.com\/wp-content\/uploads\/2025\/10\/PVC-PROZORI-STECO-LINE-300x169.jpg 300w, https:\/\/www.stecoline.com\/wp-content\/uploads\/2025\/10\/PVC-PROZORI-STECO-LINE-150x84.jpg 150w, https:\/\/www.stecoline.com\/wp-content\/uploads\/2025\/10\/PVC-PROZORI-STECO-LINE-768x432.jpg 768w, https:\/\/www.stecoline.com\/wp-content\/uploads\/2025\/10\/PVC-PROZORI-STECO-LINE-18x10.jpg 18w, https:\/\/www.stecoline.com\/wp-content\/uploads\/2025\/10\/PVC-PROZORI-STECO-LINE.jpg 1280w\" sizes=\"(max-width: 800px) 100vw, 800px\" \/>\t\t\t\t\t\t\t\t<\/a>\n\t\t\t\t\t\t\t\t\t\t\t<figcaption class=\"widget-image-caption wp-caption-text\"><h5>Kunststofffenster, Schiebesysteme und T\u00fcren<\/h5><\/figcaption>\n\t\t\t\t\t\t\t\t\t\t<\/figure>\n\t\t\t\t\t\t\t\t\t<\/div>\n\t\t\t\t<div class=\"elementor-element elementor-element-0d4a5aa elementor-invisible elementor-widget elementor-widget-image\" data-id=\"0d4a5aa\" data-element_type=\"widget\" data-e-type=\"widget\" data-settings=\"{&quot;_animation&quot;:&quot;fadeIn&quot;,&quot;ekit_we_effect_on&quot;:&quot;none&quot;}\" data-widget_type=\"image.default\">\n\t\t\t\t\t\t\t\t\t\t\t\t<figure class=\"wp-caption\">\n\t\t\t\t\t\t\t\t\t\t\t<a href=\"https:\/\/www.stecoline.com\/de\/alu-vrata-2\/\">\n\t\t\t\t\t\t\t<img decoding=\"async\" width=\"800\" height=\"450\" src=\"https:\/\/www.stecoline.com\/wp-content\/uploads\/2025\/10\/ALU-VRATA-STECO-LINE-1024x576.webp\" class=\"attachment-large size-large wp-image-11879\" alt=\"\" srcset=\"https:\/\/www.stecoline.com\/wp-content\/uploads\/2025\/10\/ALU-VRATA-STECO-LINE-1024x576.webp 1024w, https:\/\/www.stecoline.com\/wp-content\/uploads\/2025\/10\/ALU-VRATA-STECO-LINE-300x169.webp 300w, https:\/\/www.stecoline.com\/wp-content\/uploads\/2025\/10\/ALU-VRATA-STECO-LINE-150x84.webp 150w, https:\/\/www.stecoline.com\/wp-content\/uploads\/2025\/10\/ALU-VRATA-STECO-LINE-768x432.webp 768w, https:\/\/www.stecoline.com\/wp-content\/uploads\/2025\/10\/ALU-VRATA-STECO-LINE-18x10.webp 18w, https:\/\/www.stecoline.com\/wp-content\/uploads\/2025\/10\/ALU-VRATA-STECO-LINE.webp 1280w\" sizes=\"(max-width: 800px) 100vw, 800px\" \/>\t\t\t\t\t\t\t\t<\/a>\n\t\t\t\t\t\t\t\t\t\t\t<figcaption class=\"widget-image-caption wp-caption-text\"><h5>ALU T\u00dcREN<\/h5><\/figcaption>\n\t\t\t\t\t\t\t\t\t\t<\/figure>\n\t\t\t\t\t\t\t\t\t<\/div>\n\t\t\t\t<\/div>\n\t\t\t\t<div class=\"elementor-element elementor-element-4f86b9c elementor-widget elementor-widget-spacer\" data-id=\"4f86b9c\" data-element_type=\"widget\" data-e-type=\"widget\" data-settings=\"{&quot;ekit_we_effect_on&quot;:&quot;none&quot;}\" data-widget_type=\"spacer.default\">\n\t\t\t\t\t\t\t<div class=\"elementor-spacer\">\n\t\t\t<div class=\"elementor-spacer-inner\"><\/div>\n\t\t<\/div>\n\t\t\t\t\t\t<\/div>\n\t\t\t\t\t<\/div>\n\t\t\t\t<\/div>\n\t\t\t\t<\/div>","protected":false},"excerpt":{"rendered":"<p>STECO LINE ASORTIMAN Aluminijumska i PVC stolarija vrhunskog kvaliteta Steco Line nudi [&hellip;]<\/p>\n","protected":false},"author":1,"featured_media":0,"parent":0,"menu_order":0,"comment_status":"closed","ping_status":"closed","template":"elementor_header_footer","meta":{"footnotes":""},"class_list":["post-11843","page","type-page","status-publish","hentry"],"_links":{"self":[{"href":"https:\/\/www.stecoline.com\/de\/wp-json\/wp\/v2\/pages\/11843","targetHints":{"allow":["GET"]}}],"collection":[{"href":"https:\/\/www.stecoline.com\/de\/wp-json\/wp\/v2\/pages"}],"about":[{"href":"https:\/\/www.stecoline.com\/de\/wp-json\/wp\/v2\/types\/page"}],"author":[{"embeddable":true,"href":"https:\/\/www.stecoline.com\/de\/wp-json\/wp\/v2\/users\/1"}],"replies":[{"embeddable":true,"href":"https:\/\/www.stecoline.com\/de\/wp-json\/wp\/v2\/comments?post=11843"}],"version-history":[{"count":123,"href":"https:\/\/www.stecoline.com\/de\/wp-json\/wp\/v2\/pages\/11843\/revisions"}],"predecessor-version":[{"id":16710,"href":"https:\/\/www.stecoline.com\/de\/wp-json\/wp\/v2\/pages\/11843\/revisions\/16710"}],"wp:attachment":[{"href":"https:\/\/www.stecoline.com\/de\/wp-json\/wp\/v2\/media?parent=11843"}],"curies":[{"name":"wp","href":"https:\/\/api.w.org\/{rel}","templated":true}]}}